{"id":2,"date":"2016-05-10T03:48:21","date_gmt":"2016-05-10T03:48:21","guid":{"rendered":"https:\/\/duoviolinyguitarra.com\/?page_id=2"},"modified":"2021-04-23T08:27:14","modified_gmt":"2021-04-23T08:27:14","slug":"sample-page","status":"publish","type":"page","link":"https:\/\/duoviolinyguitarra.com\/?page_id=2","title":{"rendered":"Nosotros"},"content":{"rendered":"\t\t<div data-elementor-type=\"wp-page\" data-elementor-id=\"2\" class=\"elementor elementor-2\" data-elementor-settings=\"[]\">\n\t\t\t\t\t\t\t<div class=\"elementor-section-wrap\">\n\t\t\t\t\t\t\t<section class=\"elementor-section elementor-top-section elementor-element elementor-element-9f7c827 elementor-section-boxed elementor-section-height-default elementor-section-height-default\" data-id=\"9f7c827\" data-element_type=\"section\">\n\t\t\t\t\t\t<div class=\"elementor-container elementor-column-gap-default\">\n\t\t\t\t\t<div class=\"elementor-column elementor-col-100 elementor-top-column elementor-element elementor-element-679569e\" data-id=\"679569e\" data-element_type=\"column\">\n\t\t\t<div class=\"elementor-widget-wrap elementor-element-populated\">\n\t\t\t\t\t\t\t\t<div class=\"elementor-element elementor-element-cf7b5c9 elementor-invisible elementor-widget elementor-widget-image\" data-id=\"cf7b5c9\" data-element_type=\"widget\" data-settings=\"{&quot;_animation&quot;:&quot;fadeIn&quot;}\" data-widget_type=\"image.default\">\n\t\t\t\t<div class=\"elementor-widget-container\">\n\t\t\t\t\t\t\t\t\t\t\t\t<figure class=\"wp-caption\">\n\t\t\t\t\t\t\t\t\t\t<img loading=\"lazy\" decoding=\"async\" width=\"1365\" height=\"707\" src=\"https:\/\/duoviolinyguitarra.com\/wp-content\/uploads\/2021\/04\/Laura-bio.jpg\" class=\"attachment-full size-full\" alt=\"\" srcset=\"https:\/\/duoviolinyguitarra.com\/wp-content\/uploads\/2021\/04\/Laura-bio.jpg 1365w, https:\/\/duoviolinyguitarra.com\/wp-content\/uploads\/2021\/04\/Laura-bio-300x155.jpg 300w, https:\/\/duoviolinyguitarra.com\/wp-content\/uploads\/2021\/04\/Laura-bio-1024x530.jpg 1024w, https:\/\/duoviolinyguitarra.com\/wp-content\/uploads\/2021\/04\/Laura-bio-768x398.jpg 768w, https:\/\/duoviolinyguitarra.com\/wp-content\/uploads\/2021\/04\/Laura-bio-1200x622.jpg 1200w\" sizes=\"(max-width: 1365px) 100vw, 1365px\" \/>\t\t\t\t\t\t\t\t\t\t\t<figcaption class=\"widget-image-caption wp-caption-text\">Laura Ferrera<\/figcaption>\n\t\t\t\t\t\t\t\t\t\t<\/figure>\n\t\t\t\t\t\t\t\t\t<\/div>\n\t\t\t\t<\/div>\n\t\t\t\t\t<\/div>\n\t\t<\/div>\n\t\t\t\t\t\t\t<\/div>\n\t\t<\/section>\n\t\t\t\t<section class=\"elementor-section elementor-top-section elementor-element elementor-element-c7cd96f elementor-section-boxed elementor-section-height-default elementor-section-height-default\" data-id=\"c7cd96f\" data-element_type=\"section\">\n\t\t\t\t\t\t<div class=\"elementor-container elementor-column-gap-default\">\n\t\t\t\t\t<div class=\"elementor-column elementor-col-100 elementor-top-column elementor-element elementor-element-394058b\" data-id=\"394058b\" data-element_type=\"column\">\n\t\t\t<div class=\"elementor-widget-wrap elementor-element-populated\">\n\t\t\t\t\t\t\t\t<div class=\"elementor-element elementor-element-6b20fbe elementor-widget elementor-widget-text-editor\" data-id=\"6b20fbe\" data-element_type=\"widget\" data-widget_type=\"text-editor.default\">\n\t\t\t\t<div class=\"elementor-widget-container\">\n\t\t\t\t\t\t\t<p><span style=\"color: #000000; font-size: 12pt; font-family: Bellota;\">Nace en Olivenza (Badajoz) donde comienza sus estudios musicales.<span class=\"Apple-converted-space\">\u00a0<\/span><\/span><\/p><p><span style=\"font-size: 12pt; font-family: Bellota;\"><span style=\"color: #000000;\">M\u00e1s tarde contin\u00faa su carrera como violinista en el conservatorio profesional \u201cJuan V\u00e1zquez\u201d y el conservatorio superior de m\u00fasica \u201cBonifacio Gil\u201d\u00a0<\/span><span style=\"color: #000000;\">de Badajoz. Actualmente trabaja como profesora de viol\u00edn y orquesta en el colegio internacional Sek Ciudalcampo y en la Escuela Municipal de M\u00fasica Antonio Machado.<span class=\"Apple-converted-space\">\u00a0<\/span><\/span><\/span><\/p><p><span style=\"color: #000000; font-size: 12pt; font-family: Bellota;\">Como int\u00e9rprete ha trabajado con diferentes orquestas, como la Orquesta Filarmon\u00eda, Orquesta de Getafe, Orquesta Santa Cecilia, Orquesta Capilla Real de Madrid, Orquesta Ars Combinatoria, Orquesta Segle XXI (Valencia), Bruckner Akademie Orchestre (Munich) entre otras. Como int\u00e9rprete tambi\u00e9n forma parte del cuarteto \u201cIl Sentimento\u201d y del grupo de m\u00fasica folk \u201cAcetre\u201d, con el cual recorre todo el panorama nacional e internacional.<span class=\"Apple-converted-space\">\u00a0<\/span><\/span><\/p>\t\t\t\t\t\t<\/div>\n\t\t\t\t<\/div>\n\t\t\t\t\t<\/div>\n\t\t<\/div>\n\t\t\t\t\t\t\t<\/div>\n\t\t<\/section>\n\t\t\t\t<section class=\"elementor-section elementor-top-section elementor-element elementor-element-8d88405 elementor-section-boxed elementor-section-height-default elementor-section-height-default\" data-id=\"8d88405\" data-element_type=\"section\">\n\t\t\t\t\t\t<div class=\"elementor-container elementor-column-gap-default\">\n\t\t\t\t\t<div class=\"elementor-column elementor-col-100 elementor-top-column elementor-element elementor-element-83bfb01\" data-id=\"83bfb01\" data-element_type=\"column\">\n\t\t\t<div class=\"elementor-widget-wrap elementor-element-populated\">\n\t\t\t\t\t\t\t\t<div class=\"elementor-element elementor-element-20b2c7d elementor-invisible elementor-widget elementor-widget-image\" data-id=\"20b2c7d\" data-element_type=\"widget\" data-settings=\"{&quot;_animation&quot;:&quot;fadeIn&quot;}\" data-widget_type=\"image.default\">\n\t\t\t\t<div class=\"elementor-widget-container\">\n\t\t\t\t\t\t\t\t\t\t\t\t<figure class=\"wp-caption\">\n\t\t\t\t\t\t\t\t\t\t<img loading=\"lazy\" decoding=\"async\" width=\"1365\" height=\"707\" src=\"https:\/\/duoviolinyguitarra.com\/wp-content\/uploads\/2021\/04\/javier-bio.jpg\" class=\"attachment-full size-full\" alt=\"\" srcset=\"https:\/\/duoviolinyguitarra.com\/wp-content\/uploads\/2021\/04\/javier-bio.jpg 1365w, https:\/\/duoviolinyguitarra.com\/wp-content\/uploads\/2021\/04\/javier-bio-300x155.jpg 300w, https:\/\/duoviolinyguitarra.com\/wp-content\/uploads\/2021\/04\/javier-bio-1024x530.jpg 1024w, https:\/\/duoviolinyguitarra.com\/wp-content\/uploads\/2021\/04\/javier-bio-768x398.jpg 768w, https:\/\/duoviolinyguitarra.com\/wp-content\/uploads\/2021\/04\/javier-bio-1200x622.jpg 1200w\" sizes=\"(max-width: 1365px) 100vw, 1365px\" \/>\t\t\t\t\t\t\t\t\t\t\t<figcaption class=\"widget-image-caption wp-caption-text\">Javier Hern\u00e1ndez<\/figcaption>\n\t\t\t\t\t\t\t\t\t\t<\/figure>\n\t\t\t\t\t\t\t\t\t<\/div>\n\t\t\t\t<\/div>\n\t\t\t\t\t<\/div>\n\t\t<\/div>\n\t\t\t\t\t\t\t<\/div>\n\t\t<\/section>\n\t\t\t\t<section class=\"elementor-section elementor-top-section elementor-element elementor-element-62187db elementor-section-boxed elementor-section-height-default elementor-section-height-default\" data-id=\"62187db\" data-element_type=\"section\">\n\t\t\t\t\t\t<div class=\"elementor-container elementor-column-gap-default\">\n\t\t\t\t\t<div class=\"elementor-column elementor-col-100 elementor-top-column elementor-element elementor-element-63b97bf\" data-id=\"63b97bf\" data-element_type=\"column\">\n\t\t\t<div class=\"elementor-widget-wrap elementor-element-populated\">\n\t\t\t\t\t\t\t\t<div class=\"elementor-element elementor-element-a6362c2 elementor-widget elementor-widget-text-editor\" data-id=\"a6362c2\" data-element_type=\"widget\" data-widget_type=\"text-editor.default\">\n\t\t\t\t<div class=\"elementor-widget-container\">\n\t\t\t\t\t\t\t<p><span style=\"color: #000000; font-size: 12pt; font-family: Bellota;\">Natural de Alcobendas (Madrid), realiza sus estudios como t\u00e9cnico de sonido en el CIFP Jos\u00e9 Luis Garci y posteriormente se titula como m\u00fasico profesional en la 21st Century Music de Madrid. Centrado en la docencia, ha trabajado en distintas escuelas por el norte de Madrid, de las cuales destaca su proyecto personal \u201cAbbey Rock-Escuela de Guitarra Moderna\u201d en San Sebasti\u00e1n de los Reyes.<span class=\"Apple-converted-space\">\u00a0<\/span><\/span><\/p><p><span style=\"color: #000000; font-size: 12pt; font-family: Bellota;\">En su experiencia como int\u00e9rprete est\u00e1 la grabaci\u00f3n de varios discos, la composici\u00f3n musical de las obras de teatro infantiles \u201cCircus Magn\u00edficus\u201d de la Fundaci\u00f3n La Semilla y el musical \u201cSiglo XX\u201d de la compa\u00f1\u00eda Bicharracos.<span class=\"Apple-converted-space\">\u00a0<\/span><\/span><\/p>\t\t\t\t\t\t<\/div>\n\t\t\t\t<\/div>\n\t\t\t\t\t<\/div>\n\t\t<\/div>\n\t\t\t\t\t\t\t<\/div>\n\t\t<\/section>\n\t\t\t\t\t\t<\/div>\n\t\t\t\t\t<\/div>\n\t\t","protected":false},"excerpt":{"rendered":"<p>Laura Ferrera Nace en Olivenza (Badajoz) donde comienza sus estudios musicales.\u00a0 M\u00e1s tarde contin\u00faa su carrera como violinista en el conservatorio profesional \u201cJuan V\u00e1zquez\u201d y el conservatorio superior de m\u00fasica \u201cBonifacio Gil\u201d\u00a0de Badajoz. Actualmente trabaja como profesora de viol\u00edn y orquesta en el colegio internacional Sek Ciudalcampo y en la Escuela Municipal de M\u00fasica Antonio &hellip; <\/p>\n","protected":false},"author":1,"featured_media":123,"parent":0,"menu_order":1,"comment_status":"closed","ping_status":"closed","template":"elementor_header_footer","meta":{"footnotes":""},"class_list":["post-2","page","type-page","status-publish","has-post-thumbnail","hentry"],"_links":{"self":[{"href":"https:\/\/duoviolinyguitarra.com\/index.php?rest_route=\/wp\/v2\/pages\/2"}],"collection":[{"href":"https:\/\/duoviolinyguitarra.com\/index.php?rest_route=\/wp\/v2\/pages"}],"about":[{"href":"https:\/\/duoviolinyguitarra.com\/index.php?rest_route=\/wp\/v2\/types\/page"}],"author":[{"embeddable":true,"href":"https:\/\/duoviolinyguitarra.com\/index.php?rest_route=\/wp\/v2\/users\/1"}],"replies":[{"embeddable":true,"href":"https:\/\/duoviolinyguitarra.com\/index.php?rest_route=%2Fwp%2Fv2%2Fcomments&post=2"}],"version-history":[{"count":33,"href":"https:\/\/duoviolinyguitarra.com\/index.php?rest_route=\/wp\/v2\/pages\/2\/revisions"}],"predecessor-version":[{"id":207,"href":"https:\/\/duoviolinyguitarra.com\/index.php?rest_route=\/wp\/v2\/pages\/2\/revisions\/207"}],"wp:featuredmedia":[{"embeddable":true,"href":"https:\/\/duoviolinyguitarra.com\/index.php?rest_route=\/wp\/v2\/media\/123"}],"wp:attachment":[{"href":"https:\/\/duoviolinyguitarra.com\/index.php?rest_route=%2Fwp%2Fv2%2Fmedia&parent=2"}],"curies":[{"name":"wp","href":"https:\/\/api.w.org\/{rel}","templated":true}]}}