{"id":72,"date":"2021-04-22T08:45:18","date_gmt":"2021-04-22T08:45:18","guid":{"rendered":"https:\/\/duoviolinyguitarra.com\/?page_id=72"},"modified":"2021-09-02T16:53:38","modified_gmt":"2021-09-02T16:53:38","slug":"principal","status":"publish","type":"page","link":"https:\/\/duoviolinyguitarra.com\/","title":{"rendered":"Inicio"},"content":{"rendered":"\t\t<div data-elementor-type=\"wp-page\" data-elementor-id=\"72\" class=\"elementor elementor-72\" data-elementor-settings=\"[]\">\n\t\t\t\t\t\t\t<div class=\"elementor-section-wrap\">\n\t\t\t\t\t\t\t<section class=\"elementor-section elementor-top-section elementor-element elementor-element-3148291 elementor-section-boxed elementor-section-height-default elementor-section-height-default\" data-id=\"3148291\" data-element_type=\"section\">\n\t\t\t\t\t\t<div class=\"elementor-container elementor-column-gap-default\">\n\t\t\t\t\t<div class=\"elementor-column elementor-col-100 elementor-top-column elementor-element elementor-element-ccec02c\" data-id=\"ccec02c\" data-element_type=\"column\">\n\t\t\t<div class=\"elementor-widget-wrap elementor-element-populated\">\n\t\t\t\t\t\t\t\t<div class=\"elementor-element elementor-element-07afe0c elementor-pagination-position-outside elementor-widget elementor-widget-image-carousel\" data-id=\"07afe0c\" data-element_type=\"widget\" data-settings=\"{&quot;slides_to_show&quot;:&quot;1&quot;,&quot;navigation&quot;:&quot;dots&quot;,&quot;autoplay&quot;:&quot;yes&quot;,&quot;pause_on_hover&quot;:&quot;yes&quot;,&quot;pause_on_interaction&quot;:&quot;yes&quot;,&quot;autoplay_speed&quot;:5000,&quot;infinite&quot;:&quot;yes&quot;,&quot;effect&quot;:&quot;slide&quot;,&quot;speed&quot;:500}\" data-widget_type=\"image-carousel.default\">\n\t\t\t\t<div class=\"elementor-widget-container\">\n\t\t\t\t\t<div class=\"elementor-image-carousel-wrapper swiper-container\" dir=\"ltr\">\n\t\t\t<div class=\"elementor-image-carousel swiper-wrapper swiper-image-stretch\">\n\t\t\t\t\t\t\t\t<div class=\"swiper-slide\"><figure class=\"swiper-slide-inner\"><img decoding=\"async\" class=\"swiper-slide-image\" src=\"https:\/\/duoviolinyguitarra.com\/wp-content\/uploads\/2021\/08\/DSC_0598-scaled.jpg\" alt=\"DSC_0598\" \/><\/figure><\/div><div class=\"swiper-slide\"><figure class=\"swiper-slide-inner\"><img decoding=\"async\" class=\"swiper-slide-image\" src=\"https:\/\/duoviolinyguitarra.com\/wp-content\/uploads\/2021\/08\/MG_0277-scaled.jpg\" alt=\"_MG_0277\" \/><\/figure><\/div><div class=\"swiper-slide\"><figure class=\"swiper-slide-inner\"><img decoding=\"async\" class=\"swiper-slide-image\" src=\"https:\/\/duoviolinyguitarra.com\/wp-content\/uploads\/2021\/08\/DSC_0673-scaled.jpg\" alt=\"DSC_0673\" \/><\/figure><\/div><div class=\"swiper-slide\"><figure class=\"swiper-slide-inner\"><img decoding=\"async\" class=\"swiper-slide-image\" src=\"https:\/\/duoviolinyguitarra.com\/wp-content\/uploads\/2021\/08\/DSC_05712.jpg\" alt=\"DSC_05712\" \/><\/figure><\/div>\t\t\t<\/div>\n\t\t\t\t\t\t\t\t\t\t\t\t<div class=\"swiper-pagination\"><\/div>\n\t\t\t\t\t\t\t\t\t\t\t\t\t<\/div>\n\t\t\t\t<\/div>\n\t\t\t\t<\/div>\n\t\t\t\t\t<\/div>\n\t\t<\/div>\n\t\t\t\t\t\t\t<\/div>\n\t\t<\/section>\n\t\t\t\t<section class=\"elementor-section elementor-top-section elementor-element elementor-element-5186b66 elementor-section-boxed elementor-section-height-default elementor-section-height-default\" data-id=\"5186b66\" data-element_type=\"section\">\n\t\t\t\t\t\t<div class=\"elementor-container elementor-column-gap-default\">\n\t\t\t\t\t<div class=\"elementor-column elementor-col-25 elementor-top-column elementor-element elementor-element-8dd47eb\" data-id=\"8dd47eb\" data-element_type=\"column\">\n\t\t\t<div class=\"elementor-widget-wrap elementor-element-populated\">\n\t\t\t\t\t\t\t\t<div class=\"elementor-element elementor-element-f7cedcf elementor-widget elementor-widget-text-editor\" data-id=\"f7cedcf\" data-element_type=\"widget\" data-widget_type=\"text-editor.default\">\n\t\t\t\t<div class=\"elementor-widget-container\">\n\t\t\t\t\t\t\t<p style=\"text-align: center;\"><span style=\"text-decoration: underline;\"><strong><span style=\"font-family: Bellota;\">CONCIERTOS<\/span><\/strong><\/span><\/p><p style=\"text-align: center;\"><span style=\"font-family: Bellota;\">Nuestros conciertos est\u00e1n pensados para todos los p\u00fablicos. Adaptamos nuestro repertorio ofreciendo los temas m\u00e1s m\u00edticos de cada estilo musical, de forma que puedan disfrutar de la mejor m\u00fasica versionada por nuestra formaci\u00f3n.<\/span><\/p>\t\t\t\t\t\t<\/div>\n\t\t\t\t<\/div>\n\t\t\t\t\t<\/div>\n\t\t<\/div>\n\t\t\t\t<div class=\"elementor-column elementor-col-25 elementor-top-column elementor-element elementor-element-e822b04\" data-id=\"e822b04\" data-element_type=\"column\">\n\t\t\t<div class=\"elementor-widget-wrap elementor-element-populated\">\n\t\t\t\t\t\t\t\t<div class=\"elementor-element elementor-element-c9753a6 elementor-widget elementor-widget-text-editor\" data-id=\"c9753a6\" data-element_type=\"widget\" data-widget_type=\"text-editor.default\">\n\t\t\t\t<div class=\"elementor-widget-container\">\n\t\t\t\t\t\t\t<p style=\"text-align: center;\"><strong><span style=\"text-decoration: underline;\"><span style=\"font-family: Bellota;\">BODAS<\/span><\/span><\/strong><\/p><p style=\"text-align: center;\"><span style=\"font-family: Bellota;\">Nuestros m\u00e1s de 10 a\u00f1os de \u00a0experiencia en la amenizaci\u00f3n de bodas nos avalan.\u00a0<\/span><\/p><p style=\"text-align: center;\"><span style=\"font-family: Bellota;\">Nos adaptamos a los gustos musicales de cada pareja, versionamos cualquier tema que nos pidan.\u00a0<\/span><\/p><p style=\"text-align: center;\"><span style=\"font-family: Bellota;\">Haz tu gran d\u00eda a\u00fan m\u00e1s especial con la mejor m\u00fasica.<\/span><\/p>\t\t\t\t\t\t<\/div>\n\t\t\t\t<\/div>\n\t\t\t\t\t<\/div>\n\t\t<\/div>\n\t\t\t\t<div class=\"elementor-column elementor-col-25 elementor-top-column elementor-element elementor-element-ad91a2a\" data-id=\"ad91a2a\" data-element_type=\"column\">\n\t\t\t<div class=\"elementor-widget-wrap elementor-element-populated\">\n\t\t\t\t\t\t\t\t<div class=\"elementor-element elementor-element-80472e1 elementor-widget elementor-widget-text-editor\" data-id=\"80472e1\" data-element_type=\"widget\" data-widget_type=\"text-editor.default\">\n\t\t\t\t<div class=\"elementor-widget-container\">\n\t\t\t\t\t\t\t<p style=\"text-align: center;\"><span style=\"text-decoration: underline;\"><strong><span style=\"font-family: Bellota;\">CENAS DE EMPRESA<\/span><\/strong><\/span><\/p><p style=\"text-align: center;\"><span style=\"font-family: Bellota;\">Amenizaci\u00f3n para cenas de empresa con la mejor m\u00fasica.\u00a0<\/span><\/p><p style=\"text-align: center;\"><span style=\"font-family: Bellota;\">Un repertorio de hora y media con m\u00fasica de fondo que acompa\u00f1e a los invitados durante la velada.<\/span><\/p>\t\t\t\t\t\t<\/div>\n\t\t\t\t<\/div>\n\t\t\t\t\t<\/div>\n\t\t<\/div>\n\t\t\t\t<div class=\"elementor-column elementor-col-25 elementor-top-column elementor-element elementor-element-5fb070b\" data-id=\"5fb070b\" data-element_type=\"column\">\n\t\t\t<div class=\"elementor-widget-wrap elementor-element-populated\">\n\t\t\t\t\t\t\t\t<div class=\"elementor-element elementor-element-1f840bc elementor-widget elementor-widget-text-editor\" data-id=\"1f840bc\" data-element_type=\"widget\" data-widget_type=\"text-editor.default\">\n\t\t\t\t<div class=\"elementor-widget-container\">\n\t\t\t\t\t\t\t<p style=\"text-align: center;\"><span style=\"text-decoration: underline;\"><strong><span style=\"font-family: Bellota;\">CONCIERTOS PRIVADOS<\/span><\/strong><\/span><\/p><p style=\"text-align: center;\"><span style=\"font-family: Bellota;\">Son muchos los que desean poner m\u00fasica en directo a sus fiestas privadas o cenas de pareja.\u00a0<\/span><\/p><p style=\"text-align: center;\"><span style=\"font-family: Bellota;\">Un toque de lo m\u00e1s original para sorprender a tus amigos o seres queridos.<\/span><\/p>\t\t\t\t\t\t<\/div>\n\t\t\t\t<\/div>\n\t\t\t\t\t<\/div>\n\t\t<\/div>\n\t\t\t\t\t\t\t<\/div>\n\t\t<\/section>\n\t\t\t\t\t\t<\/div>\n\t\t\t\t\t<\/div>\n\t\t","protected":false},"excerpt":{"rendered":"<p>CONCIERTOS Nuestros conciertos est\u00e1n pensados para todos los p\u00fablicos. Adaptamos nuestro repertorio ofreciendo los temas m\u00e1s m\u00edticos de cada estilo musical, de forma que puedan disfrutar de la mejor m\u00fasica versionada por nuestra formaci\u00f3n. BODAS Nuestros m\u00e1s de 10 a\u00f1os de \u00a0experiencia en la amenizaci\u00f3n de bodas nos avalan.\u00a0 Nos adaptamos a los gustos musicales &hellip; <\/p>\n","protected":false},"author":1,"featured_media":0,"parent":0,"menu_order":0,"comment_status":"closed","ping_status":"closed","template":"elementor_header_footer","meta":{"footnotes":""},"class_list":["post-72","page","type-page","status-publish","hentry"],"_links":{"self":[{"href":"https:\/\/duoviolinyguitarra.com\/index.php?rest_route=\/wp\/v2\/pages\/72"}],"collection":[{"href":"https:\/\/duoviolinyguitarra.com\/index.php?rest_route=\/wp\/v2\/pages"}],"about":[{"href":"https:\/\/duoviolinyguitarra.com\/index.php?rest_route=\/wp\/v2\/types\/page"}],"author":[{"embeddable":true,"href":"https:\/\/duoviolinyguitarra.com\/index.php?rest_route=\/wp\/v2\/users\/1"}],"replies":[{"embeddable":true,"href":"https:\/\/duoviolinyguitarra.com\/index.php?rest_route=%2Fwp%2Fv2%2Fcomments&post=72"}],"version-history":[{"count":35,"href":"https:\/\/duoviolinyguitarra.com\/index.php?rest_route=\/wp\/v2\/pages\/72\/revisions"}],"predecessor-version":[{"id":350,"href":"https:\/\/duoviolinyguitarra.com\/index.php?rest_route=\/wp\/v2\/pages\/72\/revisions\/350"}],"wp:attachment":[{"href":"https:\/\/duoviolinyguitarra.com\/index.php?rest_route=%2Fwp%2Fv2%2Fmedia&parent=72"}],"curies":[{"name":"wp","href":"https:\/\/api.w.org\/{rel}","templated":true}]}}